{"id":18733,"date":"2022-03-15T21:33:14","date_gmt":"2022-03-15T20:33:14","guid":{"rendered":"https:\/\/www.usandizaga.com\/design\/?page_id=18733"},"modified":"2022-03-17T18:18:40","modified_gmt":"2022-03-17T17:18:40","slug":"formakuntza","status":"publish","type":"page","link":"https:\/\/www.usandizaga.com\/design\/eu\/formakuntza\/","title":{"rendered":"FORMAKUNTZA"},"content":{"rendered":"\t\t<div data-elementor-type=\"wp-post\" data-elementor-id=\"18733\" class=\"elementor elementor-18733\" data-elementor-post-type=\"page\">\n\t\t\t\t\t\t<section class=\"elementor-section elementor-top-section elementor-element elementor-element-5c50eee elementor-section-stretched elementor-section-full_width elementor-section-height-min-height elementor-hidden-phone elementor-section-height-default elementor-section-items-middle\" data-id=\"5c50eee\" data-element_type=\"section\" data-e-type=\"section\" data-settings=\"{&quot;stretch_section&quot;:&quot;section-stretched&quot;,&quot;background_background&quot;:&quot;classic&quot;}\">\n\t\t\t\t\t\t<div class=\"elementor-container elementor-column-gap-default\">\n\t\t\t\t\t<div class=\"elementor-column elementor-col-100 elementor-top-column elementor-element elementor-element-8b097d1\" data-id=\"8b097d1\" data-element_type=\"column\" data-e-type=\"column\">\n\t\t\t<div class=\"elementor-widget-wrap\">\n\t\t\t\t\t\t\t<\/div>\n\t\t<\/div>\n\t\t\t\t\t<\/div>\n\t\t<\/section>\n\t\t\t\t<section class=\"elementor-section elementor-top-section elementor-element elementor-element-72adef1 elementor-section-boxed elementor-section-height-default elementor-section-height-default\" data-id=\"72adef1\" data-element_type=\"section\" data-e-type=\"section\">\n\t\t\t\t\t\t<div class=\"elementor-container elementor-column-gap-default\">\n\t\t\t\t\t<div class=\"elementor-column elementor-col-100 elementor-top-column elementor-element elementor-element-8d9392f\" data-id=\"8d9392f\" data-element_type=\"column\" data-e-type=\"column\">\n\t\t\t<div class=\"elementor-widget-wrap elementor-element-populated\">\n\t\t\t\t\t\t<div class=\"elementor-element elementor-element-fc70545 elementor-toc--minimized-on-tablet elementor-widget elementor-widget-table-of-contents\" data-id=\"fc70545\" data-element_type=\"widget\" data-e-type=\"widget\" data-settings=\"{&quot;headings_by_tags&quot;:[&quot;h2&quot;],&quot;exclude_headings_by_selector&quot;:[],&quot;marker_view&quot;:&quot;numbers&quot;,&quot;no_headings_message&quot;:&quot;No se ha encontrado ning\\u00fan encabezado en esta p\\u00e1gina.&quot;,&quot;minimize_box&quot;:&quot;yes&quot;,&quot;minimized_on&quot;:&quot;tablet&quot;,&quot;hierarchical_view&quot;:&quot;yes&quot;,&quot;min_height&quot;:{&quot;unit&quot;:&quot;px&quot;,&quot;size&quot;:&quot;&quot;,&quot;sizes&quot;:[]},&quot;min_height_tablet&quot;:{&quot;unit&quot;:&quot;px&quot;,&quot;size&quot;:&quot;&quot;,&quot;sizes&quot;:[]},&quot;min_height_mobile&quot;:{&quot;unit&quot;:&quot;px&quot;,&quot;size&quot;:&quot;&quot;,&quot;sizes&quot;:[]}}\" data-widget_type=\"table-of-contents.default\">\n\t\t\t\t<div class=\"elementor-widget-container\">\n\t\t\t\t\t\t\t\t\t<div class=\"elementor-toc__header\">\n\t\t\t\t\t\t<h4 class=\"elementor-toc__header-title\">\n\t\t\t\tEdukiak\t\t\t<\/h4>\n\t\t\t\t\t\t\t\t\t\t<div class=\"elementor-toc__toggle-button elementor-toc__toggle-button--expand\" role=\"button\" tabindex=\"0\" aria-controls=\"elementor-toc__fc70545\" aria-expanded=\"true\" aria-label=\"Abrir la tabla de contenidos\"><i aria-hidden=\"true\" class=\"fas fa-chevron-down\"><\/i><\/div>\n\t\t\t\t<div class=\"elementor-toc__toggle-button elementor-toc__toggle-button--collapse\" role=\"button\" tabindex=\"0\" aria-controls=\"elementor-toc__fc70545\" aria-expanded=\"true\" aria-label=\"Cerrar la tabla de contenidos\"><i aria-hidden=\"true\" class=\"fas fa-chevron-up\"><\/i><\/div>\n\t\t\t\t\t<\/div>\n\t\t\t\t<div id=\"elementor-toc__fc70545\" class=\"elementor-toc__body\">\n\t\t\t<div class=\"elementor-toc__spinner-container\">\n\t\t\t\t<i class=\"elementor-toc__spinner eicon-animation-spin eicon-loading\" aria-hidden=\"true\"><\/i>\t\t\t<\/div>\n\t\t<\/div>\n\t\t\t\t\t\t<\/div>\n\t\t\t\t<\/div>\n\t\t\t\t<div class=\"elementor-element elementor-element-7e7b0fd elementor-widget elementor-widget-heading\" data-id=\"7e7b0fd\" data-element_type=\"widget\" data-e-type=\"widget\" data-widget_type=\"heading.default\">\n\t\t\t\t<div class=\"elementor-widget-container\">\n\t\t\t\t\t<h2 class=\"elementor-heading-title elementor-size-default\">DISEINUA PRAKTIKATIK IKASI<\/h2>\t\t\t\t<\/div>\n\t\t\t\t<\/div>\n\t\t\t\t<div class=\"elementor-element elementor-element-84a3af1 elementor-widget elementor-widget-text-editor\" data-id=\"84a3af1\" data-element_type=\"widget\" data-e-type=\"widget\" data-widget_type=\"text-editor.default\">\n\t\t\t\t<div class=\"elementor-widget-container\">\n\t\t\t\t\t\t\t\t\t<h3>Diseinu Grafiko ikasketak Donostian<\/h3><p>Goi Mailako Prestakuntza Zikloa Publizitate Grafikan, non enpresen eta erakundeen komunikazioa diseinatzeko prestatutako duen pertsona sortzaile gisa trebatuko zaren.<br \/>Benetako diseinu grafikoko proiektu praktikoak: web diseinua, komunikazio kanpaina osoak, sare sozialetako marketina, kartelak, identitate korporatiboa, aldizkariak, egutegiak, liburuxkak, postalak, liburuak, ontziak&#8230;<br \/>Bizitza errealean aplikatzen diren benetazko komunikazio kanpaina integralak egingo dituzu ere.<br \/>Sarbide mugatua duen modalitateko kalitatezko titulu ofiziala.<br \/><b>15 ikasleko klaseak<\/b> jarraipen pertsonalizatua egin eta ikaskuntza optimoa lortzeko.<br \/><b>Prestakuntza praktikoa<\/b>, zure lan guztiak biltzen dituen web portfolio baten diseinuarekin amaitzen dena.<\/p>\t\t\t\t\t\t\t\t<\/div>\n\t\t\t\t<\/div>\n\t\t\t\t<div class=\"elementor-element elementor-element-d899758 elementor-invisible elementor-widget elementor-widget-image\" data-id=\"d899758\" data-element_type=\"widget\" data-e-type=\"widget\" data-settings=\"{&quot;_animation&quot;:&quot;fadeIn&quot;}\" data-widget_type=\"image.default\">\n\t\t\t\t<div class=\"elementor-widget-container\">\n\t\t\t\t\t\t\t\t\t\t\t\t\t\t\t<img fetchpriority=\"high\" decoding=\"async\" width=\"960\" height=\"640\" src=\"https:\/\/www.usandizaga.com\/design\/wp-content\/uploads\/2019\/06\/Web-4.7-GaioF_Mockup-960x640.jpg\" class=\"attachment-large size-large wp-image-15009\" alt=\"Dise\u00f1o de Portfolio web de estudiante de Gr\u00e1fica Publicitaria en Usandizaga - Donostia Fatima Gaio\" srcset=\"https:\/\/www.usandizaga.com\/design\/wp-content\/uploads\/2019\/06\/Web-4.7-GaioF_Mockup-960x640.jpg 960w, https:\/\/www.usandizaga.com\/design\/wp-content\/uploads\/2019\/06\/Web-4.7-GaioF_Mockup-352x235.jpg 352w, https:\/\/www.usandizaga.com\/design\/wp-content\/uploads\/2019\/06\/Web-4.7-GaioF_Mockup-768x512.jpg 768w, https:\/\/www.usandizaga.com\/design\/wp-content\/uploads\/2019\/06\/Web-4.7-GaioF_Mockup.jpg 1024w\" sizes=\"(max-width: 960px) 100vw, 960px\" \/>\t\t\t\t\t\t\t\t\t\t\t\t\t\t\t<\/div>\n\t\t\t\t<\/div>\n\t\t\t\t<div class=\"elementor-element elementor-element-4c564f2 elementor-widget elementor-widget-heading\" data-id=\"4c564f2\" data-element_type=\"widget\" data-e-type=\"widget\" data-widget_type=\"heading.default\">\n\t\t\t\t<div class=\"elementor-widget-container\">\n\t\t\t\t\t<h2 class=\"elementor-heading-title elementor-size-default\">EXPERIENTZI HANDIKO PROIEKTUA<\/h2>\t\t\t\t<\/div>\n\t\t\t\t<\/div>\n\t\t\t\t<div class=\"elementor-element elementor-element-c5a8b5f elementor-widget elementor-widget-text-editor\" data-id=\"c5a8b5f\" data-element_type=\"widget\" data-e-type=\"widget\" data-widget_type=\"text-editor.default\">\n\t\t\t\t<div class=\"elementor-widget-container\">\n\t\t\t\t\t\t\t\t\t<h3><span style=\"font-size: 24px;\">Diseinu eta sormenean erreferentziazko eskola<\/span><\/h3><p>15 urte baino gehiagoko esperientziarekin, kalitate profesionaleko diseinu-proiektu ugarirekin, diseinu eta sorkuntza munduan irakasle aktiboekin, instalazio eta baliabide ezin hobeekin, ikastetxe publiko honek Gipuzkoako Diseinuaren arloan erreferentziazko zentro gisa berresten da.<br \/>Ospe handiko Zentro Publiko batean lortu\u00a0\u00a0Titulu Ofiziala.<\/p>\t\t\t\t\t\t\t\t<\/div>\n\t\t\t\t<\/div>\n\t\t\t\t<div class=\"elementor-element elementor-element-060eaa4 elementor-invisible elementor-widget elementor-widget-image\" data-id=\"060eaa4\" data-element_type=\"widget\" data-e-type=\"widget\" data-settings=\"{&quot;_animation&quot;:&quot;fadeIn&quot;}\" data-widget_type=\"image.default\">\n\t\t\t\t<div class=\"elementor-widget-container\">\n\t\t\t\t\t\t\t\t\t\t\t\t\t\t\t<img decoding=\"async\" width=\"960\" height=\"638\" src=\"https:\/\/www.usandizaga.com\/design\/wp-content\/uploads\/2019\/06\/oscar-nilsson-1860-unsplash-960x638.jpg\" class=\"attachment-large size-large wp-image-15022\" alt=\"Foto de Gadgets para dise\u00f1ar, maboook, rotuladores, cascos de m\u00fasica... shot by Oscar Nilsson from Unsplash\" srcset=\"https:\/\/www.usandizaga.com\/design\/wp-content\/uploads\/2019\/06\/oscar-nilsson-1860-unsplash-960x638.jpg 960w, https:\/\/www.usandizaga.com\/design\/wp-content\/uploads\/2019\/06\/oscar-nilsson-1860-unsplash-355x235.jpg 355w, https:\/\/www.usandizaga.com\/design\/wp-content\/uploads\/2019\/06\/oscar-nilsson-1860-unsplash-768x510.jpg 768w, https:\/\/www.usandizaga.com\/design\/wp-content\/uploads\/2019\/06\/oscar-nilsson-1860-unsplash.jpg 1920w\" sizes=\"(max-width: 960px) 100vw, 960px\" \/>\t\t\t\t\t\t\t\t\t\t\t\t\t\t\t<\/div>\n\t\t\t\t<\/div>\n\t\t\t\t<div class=\"elementor-element elementor-element-3772121 elementor-widget elementor-widget-heading\" data-id=\"3772121\" data-element_type=\"widget\" data-e-type=\"widget\" data-widget_type=\"heading.default\">\n\t\t\t\t<div class=\"elementor-widget-container\">\n\t\t\t\t\t<h2 class=\"elementor-heading-title elementor-size-default\"><br>SORMENA ETA BERRIKUTZA<\/h2>\t\t\t\t<\/div>\n\t\t\t\t<\/div>\n\t\t\t\t<div class=\"elementor-element elementor-element-41656b3 elementor-widget elementor-widget-text-editor\" data-id=\"41656b3\" data-element_type=\"widget\" data-e-type=\"widget\" data-widget_type=\"text-editor.default\">\n\t\t\t\t<div class=\"elementor-widget-container\">\n\t\t\t\t\t\t\t\t\t<h3>Pertsonetan, ikaskuntza-zerbitzuan, eginez ikasten eta komunikazio sortzailean oinarritutako diseinua<\/h3><p>Prestakuntza profesionala, sormena, berrikuntza, ekintzailetza esperientziaren eta gizarte eragileekin lankidetzan nabarmenduz.<\/p><ul><li><b>Esperientzian<\/b> oinarritutako proiektuak.<\/li><li><b>Komunitatea<\/b> erreferentzia, testuinguru eta garapen helburu gisa.<\/li><li><b>Pertsonetan zentratutako diseinua<\/b>: inklusiboa, ahalduntzea pertsonak, gizarte-taldeak&#8230; gogoeta, komunikazio eta sormen askoren bitartez.<\/li><li><b>Egitez ikasi ~ Egitez ikasi<\/b>. Lurra, denbora, benetako erabiltzailea, konpondu nahi diren proiektuen bideragarritasun ekonomiko, sozial, teknologiko eta kulturalaren bila.<\/li><li><b>Lankidetza-prozesuak: <\/b>Elkarteekin, erakundeekin, enpresa publiko-pribatuekin . Koworkinga.<\/li><li><b>Aukerak hauteman <\/b>eta aktibatu. Arazoak detektatu eta ebaztea.<\/li><li><b>Aplikaturiko sormena.<\/b> Pentsamendu laterala garatu. Sormena suspertzeko teknikak. Prozesu dibergente-konbergenteak.<\/li><li><b>Talde lana.<\/b>\u00a0Irakaslea taldearen entrenatzaile bihurtzen da, diziplina anitzeko taldearen lana gidatuz eta koordinatuz.<\/li><li><b>Teknologia berriak<\/b>, hardware eta softwarea ideiaren alde.<\/li><li><b>Ekodiseinua<\/b>. Iraunkortasun Eko-Soziala komunen alde.<\/li><li><b>Gizarte-eragileak sentsibilizatzea<\/b> eta bideratzea, eragileak trebatzea sormenaren, branding-estrategien, marketinaren inguruko lankidetza-proiektuen bidez.<\/li><li><b>Lidergo partekatuan trebatzea<\/b>, jakin-mina, proaktibitatea, jarrera kritikoa, ekintzailetza eta berrikuntza sustatuz. Ikasleei, haien ahalmenei eta pasioei begira.<br \/>Prozesuen etengabeko koebaluazioa. Amankomunean jarri.<\/li><li><b>Gobernantza<\/b>. Ikasleek proiektu bakoitza erabaki eta jarduten dute.<\/li><\/ul>\t\t\t\t\t\t\t\t<\/div>\n\t\t\t\t<\/div>\n\t\t\t\t<div class=\"elementor-element elementor-element-aab98a4 elementor-invisible elementor-widget elementor-widget-image\" data-id=\"aab98a4\" data-element_type=\"widget\" data-e-type=\"widget\" data-settings=\"{&quot;_animation&quot;:&quot;fadeIn&quot;}\" data-widget_type=\"image.default\">\n\t\t\t\t<div class=\"elementor-widget-container\">\n\t\t\t\t\t\t\t\t\t\t\t\t\t\t\t<img decoding=\"async\" width=\"960\" height=\"495\" src=\"https:\/\/www.usandizaga.com\/design\/wp-content\/uploads\/2019\/06\/foto-alejandro-escamilla-66211-unsplash-960x495.jpg\" class=\"attachment-large size-large wp-image-15010\" alt=\"Foto con c\u00e1mara, lente y rotuladores foto by Alejandro Escamilla\" srcset=\"https:\/\/www.usandizaga.com\/design\/wp-content\/uploads\/2019\/06\/foto-alejandro-escamilla-66211-unsplash-960x495.jpg 960w, https:\/\/www.usandizaga.com\/design\/wp-content\/uploads\/2019\/06\/foto-alejandro-escamilla-66211-unsplash-355x183.jpg 355w, https:\/\/www.usandizaga.com\/design\/wp-content\/uploads\/2019\/06\/foto-alejandro-escamilla-66211-unsplash-768x396.jpg 768w, https:\/\/www.usandizaga.com\/design\/wp-content\/uploads\/2019\/06\/foto-alejandro-escamilla-66211-unsplash.jpg 1024w\" sizes=\"(max-width: 960px) 100vw, 960px\" \/>\t\t\t\t\t\t\t\t\t\t\t\t\t\t\t<\/div>\n\t\t\t\t<\/div>\n\t\t\t\t<div class=\"elementor-element elementor-element-992255b elementor-widget elementor-widget-heading\" data-id=\"992255b\" data-element_type=\"widget\" data-e-type=\"widget\" data-widget_type=\"heading.default\">\n\t\t\t\t<div class=\"elementor-widget-container\">\n\t\t\t\t\t<h2 class=\"elementor-heading-title elementor-size-default\"><br>SARE PROFESIONALA<\/h2>\t\t\t\t<\/div>\n\t\t\t\t<\/div>\n\t\t\t\t<div class=\"elementor-element elementor-element-377c593 elementor-widget elementor-widget-text-editor\" data-id=\"377c593\" data-element_type=\"widget\" data-e-type=\"widget\" data-widget_type=\"text-editor.default\">\n\t\t\t\t<div class=\"elementor-widget-container\">\n\t\t\t\t\t\t\t\t\t<h3><span style=\"font-size: 24px;\">Erreferentziazko enpresa eta instituzioekin lan egiten degu<\/span><\/h3><p>Komunikazio grafiko sektoreko hainbat enpresa, elkarte, erakunde eta profesionalek osatzen duten kolaboratzaile-sare zabala dugu, zeinekin komunikazio proiektuak egin ditugu, gure eskola bisitatu eta jaso ditugun esperientziak eta ezagutzak partekatzeko, praktika-hitzarmenak finkatu edo ikastaro eta ekitaldietan parte hartu du.<br \/>Informazioaren eta komunikazioaren arloen hazkunde handia dela eta, diseinu grafikoa oso lanbide garrantzitsua bihurtu da. APP berriek, sare sozialek eta, oro har, Interneten hazkunde handiak, pertsonak teknologia hauekin komunikatzeko eta elkarreragiteko aukera ematen duten interfazeak diseinatzeko gaitasuna duten profesionalak prestatzeko beharra sortu dute.<\/p><p>Ikasketak amaitzean, ikasleak komunikazio enpresetan eta diseinu estudioetan sartzen dira praktikak egitera eta laneratze handiko lan poltsa batean.<\/p>\t\t\t\t\t\t\t\t<\/div>\n\t\t\t\t<\/div>\n\t\t\t\t<div class=\"elementor-element elementor-element-1085b5d elementor-invisible elementor-widget elementor-widget-image\" data-id=\"1085b5d\" data-element_type=\"widget\" data-e-type=\"widget\" data-settings=\"{&quot;_animation&quot;:&quot;fadeIn&quot;}\" data-widget_type=\"image.default\">\n\t\t\t\t<div class=\"elementor-widget-container\">\n\t\t\t\t\t\t\t\t\t\t\t\t\t\t\t<img loading=\"lazy\" decoding=\"async\" width=\"960\" height=\"545\" src=\"https:\/\/www.usandizaga.com\/design\/wp-content\/uploads\/2019\/06\/kontraluz-grupo-3-960x545.jpg\" class=\"attachment-large size-large wp-image-15019\" alt=\"formaci\u00f3n en dise\u00f1o gr\u00e1fico en Euskadi - Foto de equipo visita a Kontraluz Estudio\" srcset=\"https:\/\/www.usandizaga.com\/design\/wp-content\/uploads\/2019\/06\/kontraluz-grupo-3-960x545.jpg 960w, https:\/\/www.usandizaga.com\/design\/wp-content\/uploads\/2019\/06\/kontraluz-grupo-3-355x201.jpg 355w, https:\/\/www.usandizaga.com\/design\/wp-content\/uploads\/2019\/06\/kontraluz-grupo-3-768x436.jpg 768w, https:\/\/www.usandizaga.com\/design\/wp-content\/uploads\/2019\/06\/kontraluz-grupo-3.jpg 1024w\" sizes=\"(max-width: 960px) 100vw, 960px\" \/>\t\t\t\t\t\t\t\t\t\t\t\t\t\t\t<\/div>\n\t\t\t\t<\/div>\n\t\t\t\t<div class=\"elementor-element elementor-element-5aa01e9 elementor-widget elementor-widget-heading\" data-id=\"5aa01e9\" data-element_type=\"widget\" data-e-type=\"widget\" data-widget_type=\"heading.default\">\n\t\t\t\t<div class=\"elementor-widget-container\">\n\t\t\t\t\t<h2 class=\"elementor-heading-title elementor-size-default\"><br>IKASKETEN EGITURA<\/h2>\t\t\t\t<\/div>\n\t\t\t\t<\/div>\n\t\t\t\t<section class=\"elementor-section elementor-inner-section elementor-element elementor-element-e434248 elementor-section-boxed elementor-section-height-default elementor-section-height-default\" data-id=\"e434248\" data-element_type=\"section\" data-e-type=\"section\">\n\t\t\t\t\t\t<div class=\"elementor-container elementor-column-gap-default\">\n\t\t\t\t\t<div class=\"elementor-column elementor-col-100 elementor-inner-column elementor-element elementor-element-557788f\" data-id=\"557788f\" data-element_type=\"column\" data-e-type=\"column\">\n\t\t\t<div class=\"elementor-widget-wrap elementor-element-populated\">\n\t\t\t\t\t\t<div class=\"elementor-element elementor-element-a1a0e9f elementor-widget elementor-widget-text-editor\" data-id=\"a1a0e9f\" data-element_type=\"widget\" data-e-type=\"widget\" data-widget_type=\"text-editor.default\">\n\t\t\t\t<div class=\"elementor-widget-container\">\n\t\t\t\t\t\t\t\t\t<table><thead><tr><td><h3><b>ESTRUCTURA GENERAL<\/b><\/h3><\/td><td><h3><b>KRDT<\/b><\/h3><\/td><td><h3><b>Horas<\/b><\/h3><\/td><\/tr><\/thead><tbody><tr><td>Ikastetxean emandako moduluak<\/td><td>142<\/td><td>1800<\/td><\/tr><tr><td>Enpresetan egindako praktikak<\/td><td>8<\/td><td>200<\/td><\/tr><tr><td><b>Guztira<\/b><\/td><td>150<\/td><td>2000<\/td><\/tr><\/tbody><\/table><table><thead><tr><td><h3><b>M\u00d3DULOS\u00a0 CURSO 1\u00ba<\/b><\/h3><\/td><td><h3><b>KRDT<\/b><\/h3><\/td><td><h3><b>Horas<\/b><\/h3><\/td><\/tr><\/thead><tbody><tr><td>Ikus Errepresentazio eta Expresioaren Fun.<\/td><td>8<\/td><td>128<\/td><\/tr><tr><td>Irudiaren teoria<\/td><td>5<\/td><td>64<\/td><\/tr><tr><td>Baliabide Informatikoak<\/td><td>12<\/td><td>192<\/td><\/tr><tr><td>Argazkilaritza<\/td><td>5<\/td><td>96<\/td><\/tr><tr><td>Publizitate Irudiaren Historia<\/td><td>6<\/td><td>96<\/td><\/tr><tr><td>Tipografia I<\/td><td>4<\/td><td>64<\/td><\/tr><tr><td>Diseinu Grafikoaren Oinarriak I<\/td><td>9<\/td><td>160<\/td><\/tr><tr><td>Publizitate Grafika Proiektuak I<\/td><td>11<\/td><td>160<\/td><\/tr><tr><td><b>Guztira<\/b><\/td><td>60<\/td><td>960<\/td><\/tr><\/tbody><\/table><table><thead><tr><td><h3><b>2\u00ba KURTSOKO MODULUAK<\/b><\/h3><\/td><td><h3><b>KRDT<\/b><\/h3><\/td><td><h3><b>Horas<\/b><\/h3><\/td><\/tr><\/thead><tbody><tr><td>TipografIa II<\/td><td>5<\/td><td>100<\/td><\/tr><tr><td>Diseinu Grafikoaren Oinarriak\u00a0\u00a0II<\/td><td>3<\/td><td>\u00a050<\/td><\/tr><tr><td>Publizitate eta Marketinaren Teoria<\/td><td>5<\/td><td>\u00a0100<\/td><\/tr><tr><td>Ikusentzunezko teknologiak<\/td><td>10<\/td><td>200<\/td><\/tr><tr><td>Publizitate Grafika Proiektuak\u00a0II<\/td><td>13<\/td><td>\u00a0200<\/td><\/tr><tr><td>Proiektu Integratua<\/td><td>10<\/td><td>90<\/td><\/tr><tr><td>Lan Formakuntza eta Orientabidea<\/td><td>3<\/td><td>50<\/td><\/tr><tr><td>Enpresa eta Ekintzailetza<\/td><td>3<\/td><td>50<\/td><\/tr><tr><td>Enpresatan Praktikak<\/td><td>8<\/td><td>200<\/td><\/tr><tr><td><b>Guztira<\/b><\/td><td>60<\/td><td>1040<\/td><\/tr><\/tbody><\/table>\t\t\t\t\t\t\t\t<\/div>\n\t\t\t\t<\/div>\n\t\t\t\t\t<\/div>\n\t\t<\/div>\n\t\t\t\t\t<\/div>\n\t\t<\/section>\n\t\t\t\t\t<\/div>\n\t\t<\/div>\n\t\t\t\t\t<\/div>\n\t\t<\/section>\n\t\t\t\t<\/div>\n\t\t","protected":false},"excerpt":{"rendered":"<p>Edukiak DISEINUA PRAKTIKATIK IKASI Diseinu Grafiko ikasketak Donostian Goi Mailako Prestakuntza Zikloa Publizitate Grafikan, non enpresen eta erakundeen komunikazioa diseinatzeko prestatutako duen pertsona sortzaile gisa trebatuko zaren. Benetako diseinu grafikoko &#8230; <a title=\"FORMAKUNTZA\" class=\"read-more\" href=\"https:\/\/www.usandizaga.com\/design\/eu\/formakuntza\/\" aria-label=\"Leer m\u00e1s sobre FORMAKUNTZA\">+info<\/a><\/p>\n","protected":false},"author":1,"featured_media":0,"parent":0,"menu_order":5,"comment_status":"closed","ping_status":"open","template":"","meta":{"generate_page_header":"","footnotes":""},"class_list":["post-18733","page","type-page","status-publish"],"lang":"eu","translations":{"eu":18733,"es":392},"pll_sync_post":[],"_links":{"self":[{"href":"https:\/\/www.usandizaga.com\/design\/wp-json\/wp\/v2\/pages\/18733","targetHints":{"allow":["GET"]}}],"collection":[{"href":"https:\/\/www.usandizaga.com\/design\/wp-json\/wp\/v2\/pages"}],"about":[{"href":"https:\/\/www.usandizaga.com\/design\/wp-json\/wp\/v2\/types\/page"}],"author":[{"embeddable":true,"href":"https:\/\/www.usandizaga.com\/design\/wp-json\/wp\/v2\/users\/1"}],"replies":[{"embeddable":true,"href":"https:\/\/www.usandizaga.com\/design\/wp-json\/wp\/v2\/comments?post=18733"}],"version-history":[{"count":0,"href":"https:\/\/www.usandizaga.com\/design\/wp-json\/wp\/v2\/pages\/18733\/revisions"}],"wp:attachment":[{"href":"https:\/\/www.usandizaga.com\/design\/wp-json\/wp\/v2\/media?parent=18733"}],"curies":[{"name":"wp","href":"https:\/\/api.w.org\/{rel}","templated":true}]}}