{"id":392,"date":"2012-01-22T08:49:48","date_gmt":"2012-01-22T07:49:48","guid":{"rendered":"http:\/\/localhost:8888\/?page_id=392"},"modified":"2020-05-21T08:37:27","modified_gmt":"2020-05-21T06:37:27","slug":"curso-de-diseno-grafico","status":"publish","type":"page","link":"https:\/\/www.usandizaga.com\/design\/curso-de-diseno-grafico\/","title":{"rendered":"FORMACI\u00d3N"},"content":{"rendered":"\t\t<div data-elementor-type=\"wp-post\" data-elementor-id=\"392\" class=\"elementor elementor-392\" data-elementor-post-type=\"page\">\n\t\t\t\t\t\t<section class=\"elementor-section elementor-top-section elementor-element elementor-element-5c50eee elementor-section-stretched elementor-section-full_width elementor-section-height-min-height elementor-hidden-phone elementor-section-height-default elementor-section-items-middle\" data-id=\"5c50eee\" data-element_type=\"section\" data-e-type=\"section\" data-settings=\"{&quot;stretch_section&quot;:&quot;section-stretched&quot;,&quot;background_background&quot;:&quot;classic&quot;}\">\n\t\t\t\t\t\t<div class=\"elementor-container elementor-column-gap-default\">\n\t\t\t\t\t<div class=\"elementor-column elementor-col-100 elementor-top-column elementor-element elementor-element-8b097d1\" data-id=\"8b097d1\" data-element_type=\"column\" data-e-type=\"column\">\n\t\t\t<div class=\"elementor-widget-wrap\">\n\t\t\t\t\t\t\t<\/div>\n\t\t<\/div>\n\t\t\t\t\t<\/div>\n\t\t<\/section>\n\t\t\t\t<section class=\"elementor-section elementor-top-section elementor-element elementor-element-72adef1 elementor-section-boxed elementor-section-height-default elementor-section-height-default\" data-id=\"72adef1\" data-element_type=\"section\" data-e-type=\"section\">\n\t\t\t\t\t\t<div class=\"elementor-container elementor-column-gap-default\">\n\t\t\t\t\t<div class=\"elementor-column elementor-col-100 elementor-top-column elementor-element elementor-element-8d9392f\" data-id=\"8d9392f\" data-element_type=\"column\" data-e-type=\"column\">\n\t\t\t<div class=\"elementor-widget-wrap elementor-element-populated\">\n\t\t\t\t\t\t<div class=\"elementor-element elementor-element-fc70545 elementor-toc--minimized-on-tablet elementor-widget elementor-widget-table-of-contents\" data-id=\"fc70545\" data-element_type=\"widget\" data-e-type=\"widget\" data-settings=\"{&quot;headings_by_tags&quot;:[&quot;h2&quot;],&quot;exclude_headings_by_selector&quot;:[],&quot;marker_view&quot;:&quot;numbers&quot;,&quot;no_headings_message&quot;:&quot;No se ha encontrado ning\\u00fan encabezado en esta p\\u00e1gina.&quot;,&quot;minimize_box&quot;:&quot;yes&quot;,&quot;minimized_on&quot;:&quot;tablet&quot;,&quot;hierarchical_view&quot;:&quot;yes&quot;,&quot;min_height&quot;:{&quot;unit&quot;:&quot;px&quot;,&quot;size&quot;:&quot;&quot;,&quot;sizes&quot;:[]},&quot;min_height_tablet&quot;:{&quot;unit&quot;:&quot;px&quot;,&quot;size&quot;:&quot;&quot;,&quot;sizes&quot;:[]},&quot;min_height_mobile&quot;:{&quot;unit&quot;:&quot;px&quot;,&quot;size&quot;:&quot;&quot;,&quot;sizes&quot;:[]}}\" data-widget_type=\"table-of-contents.default\">\n\t\t\t\t<div class=\"elementor-widget-container\">\n\t\t\t\t\t\t\t\t\t<div class=\"elementor-toc__header\">\n\t\t\t\t\t\t<h4 class=\"elementor-toc__header-title\">\n\t\t\t\tContenidos\t\t\t<\/h4>\n\t\t\t\t\t\t\t\t\t\t<div class=\"elementor-toc__toggle-button elementor-toc__toggle-button--expand\" role=\"button\" tabindex=\"0\" aria-controls=\"elementor-toc__fc70545\" aria-expanded=\"true\" aria-label=\"Abrir la tabla de contenidos\"><i aria-hidden=\"true\" class=\"fas fa-chevron-down\"><\/i><\/div>\n\t\t\t\t<div class=\"elementor-toc__toggle-button elementor-toc__toggle-button--collapse\" role=\"button\" tabindex=\"0\" aria-controls=\"elementor-toc__fc70545\" aria-expanded=\"true\" aria-label=\"Cerrar la tabla de contenidos\"><i aria-hidden=\"true\" class=\"fas fa-chevron-up\"><\/i><\/div>\n\t\t\t\t\t<\/div>\n\t\t\t\t<div id=\"elementor-toc__fc70545\" class=\"elementor-toc__body\">\n\t\t\t<div class=\"elementor-toc__spinner-container\">\n\t\t\t\t<i class=\"elementor-toc__spinner eicon-animation-spin eicon-loading\" aria-hidden=\"true\"><\/i>\t\t\t<\/div>\n\t\t<\/div>\n\t\t\t\t\t\t<\/div>\n\t\t\t\t<\/div>\n\t\t\t\t<div class=\"elementor-element elementor-element-7e7b0fd elementor-widget elementor-widget-heading\" data-id=\"7e7b0fd\" data-element_type=\"widget\" data-e-type=\"widget\" data-widget_type=\"heading.default\">\n\t\t\t\t<div class=\"elementor-widget-container\">\n\t\t\t\t\t<h2 class=\"elementor-heading-title elementor-size-default\">APRENDER DISE\u00d1O DESDE LA PR\u00c1CTICA<\/h2>\t\t\t\t<\/div>\n\t\t\t\t<\/div>\n\t\t\t\t<div class=\"elementor-element elementor-element-84a3af1 elementor-widget elementor-widget-text-editor\" data-id=\"84a3af1\" data-element_type=\"widget\" data-e-type=\"widget\" data-widget_type=\"text-editor.default\">\n\t\t\t\t<div class=\"elementor-widget-container\">\n\t\t\t\t\t\t\t\t\t<h3>Curso de Dise\u00f1o Gr\u00e1fico en Donostia &#8211; San Sebasti\u00e1n<\/h3><p><span style=\"font-weight: bold;\">Ciclo Formativo Superior de Gr\u00e1fica Publicitaria<\/span>\u00a0en el que te formar\u00e1s como persona\u00a0creativa\u00a0capacitada para dise\u00f1ar la comunicaci\u00f3n de empresas e instituciones.\u00a0<br \/><b>Proyectos pr\u00e1cticos reales<\/b> de dise\u00f1o gr\u00e1fico, dise\u00f1o web, campa\u00f1as de comunicaci\u00f3n completas, marketing en redes sociales, carteles, identidad corporativa, revistas, calendarios, folletos, postales, marcap\u00e1ginas, libros, packgaging\u2026<br \/>Realiza<strong> campa\u00f1as de comunicaci\u00f3n<\/strong> integrales, que se aplican en la vida real.<br \/>Titulaci\u00f3n oficial de \u00a0calidad con <a href=\"http:\/\/www.usandizaga.com\/design\/acceso\/\">modo de acceso restringido<\/a>.\u00a0<br \/>Clases de <strong>15 plazas<\/strong> para poder realizar un seguimiento personalizado y lograr un aprendizaje \u00f3ptimo.<br \/>Formaci\u00f3n\u00a0 pr\u00e1ctica que termina con el dise\u00f1o de un <strong>porfolio web<\/strong> en el que se recogen todos tus\u00a0 trabajos.<\/p>\t\t\t\t\t\t\t\t<\/div>\n\t\t\t\t<\/div>\n\t\t\t\t<div class=\"elementor-element elementor-element-d899758 elementor-invisible elementor-widget elementor-widget-image\" data-id=\"d899758\" data-element_type=\"widget\" data-e-type=\"widget\" data-settings=\"{&quot;_animation&quot;:&quot;fadeIn&quot;}\" data-widget_type=\"image.default\">\n\t\t\t\t<div class=\"elementor-widget-container\">\n\t\t\t\t\t\t\t\t\t\t\t\t\t\t\t<img fetchpriority=\"high\" decoding=\"async\" width=\"960\" height=\"640\" src=\"https:\/\/www.usandizaga.com\/design\/wp-content\/uploads\/2019\/06\/Web-4.7-GaioF_Mockup-960x640.jpg\" class=\"attachment-large size-large wp-image-15009\" alt=\"Dise\u00f1o de Portfolio web de estudiante de Gr\u00e1fica Publicitaria en Usandizaga - Donostia Fatima Gaio\" srcset=\"https:\/\/www.usandizaga.com\/design\/wp-content\/uploads\/2019\/06\/Web-4.7-GaioF_Mockup-960x640.jpg 960w, https:\/\/www.usandizaga.com\/design\/wp-content\/uploads\/2019\/06\/Web-4.7-GaioF_Mockup-352x235.jpg 352w, https:\/\/www.usandizaga.com\/design\/wp-content\/uploads\/2019\/06\/Web-4.7-GaioF_Mockup-768x512.jpg 768w, https:\/\/www.usandizaga.com\/design\/wp-content\/uploads\/2019\/06\/Web-4.7-GaioF_Mockup.jpg 1024w\" sizes=\"(max-width: 960px) 100vw, 960px\" \/>\t\t\t\t\t\t\t\t\t\t\t\t\t\t\t<\/div>\n\t\t\t\t<\/div>\n\t\t\t\t<div class=\"elementor-element elementor-element-4c564f2 elementor-widget elementor-widget-heading\" data-id=\"4c564f2\" data-element_type=\"widget\" data-e-type=\"widget\" data-widget_type=\"heading.default\">\n\t\t\t\t<div class=\"elementor-widget-container\">\n\t\t\t\t\t<h2 class=\"elementor-heading-title elementor-size-default\"><br>PROYECTO CONSOLIDADO<\/h2>\t\t\t\t<\/div>\n\t\t\t\t<\/div>\n\t\t\t\t<div class=\"elementor-element elementor-element-c5a8b5f elementor-widget elementor-widget-text-editor\" data-id=\"c5a8b5f\" data-element_type=\"widget\" data-e-type=\"widget\" data-widget_type=\"text-editor.default\">\n\t\t\t\t<div class=\"elementor-widget-container\">\n\t\t\t\t\t\t\t\t\t<h3>Centro de referencia en Dise\u00f1o y Creatividad<\/h3><div>Sus m\u00e1s de 10 a\u00f1os de experiencia, los numerosos <a href=\"http:\/\/www.usandizaga.com\/design\/proyectos\/\">proyectos de dise\u00f1o de calidad profesional<\/a>, con profesores en activo en el mundo del dise\u00f1o y la creaci\u00f3n,\u00a0 con instalaciones y recursos de calidad, esta escuela p\u00fablica, se reafirma como centro de referencia en el \u00e1rea del Dise\u00f1o de Gipuzkoa y Euskadi.<\/div><div><strong>Titulaci\u00f3n Oficial<\/strong> en un <strong>Centro P\u00fablico<\/strong> de reconocido prestigio.\u00a0<\/div>\t\t\t\t\t\t\t\t<\/div>\n\t\t\t\t<\/div>\n\t\t\t\t<div class=\"elementor-element elementor-element-060eaa4 elementor-invisible elementor-widget elementor-widget-image\" data-id=\"060eaa4\" data-element_type=\"widget\" data-e-type=\"widget\" data-settings=\"{&quot;_animation&quot;:&quot;fadeIn&quot;}\" data-widget_type=\"image.default\">\n\t\t\t\t<div class=\"elementor-widget-container\">\n\t\t\t\t\t\t\t\t\t\t\t\t\t\t\t<img decoding=\"async\" width=\"960\" height=\"638\" src=\"https:\/\/www.usandizaga.com\/design\/wp-content\/uploads\/2019\/06\/oscar-nilsson-1860-unsplash-960x638.jpg\" class=\"attachment-large size-large wp-image-15022\" alt=\"Foto de Gadgets para dise\u00f1ar, maboook, rotuladores, cascos de m\u00fasica... shot by Oscar Nilsson from Unsplash\" srcset=\"https:\/\/www.usandizaga.com\/design\/wp-content\/uploads\/2019\/06\/oscar-nilsson-1860-unsplash-960x638.jpg 960w, https:\/\/www.usandizaga.com\/design\/wp-content\/uploads\/2019\/06\/oscar-nilsson-1860-unsplash-355x235.jpg 355w, https:\/\/www.usandizaga.com\/design\/wp-content\/uploads\/2019\/06\/oscar-nilsson-1860-unsplash-768x510.jpg 768w, https:\/\/www.usandizaga.com\/design\/wp-content\/uploads\/2019\/06\/oscar-nilsson-1860-unsplash.jpg 1920w\" sizes=\"(max-width: 960px) 100vw, 960px\" \/>\t\t\t\t\t\t\t\t\t\t\t\t\t\t\t<\/div>\n\t\t\t\t<\/div>\n\t\t\t\t<div class=\"elementor-element elementor-element-3772121 elementor-widget elementor-widget-heading\" data-id=\"3772121\" data-element_type=\"widget\" data-e-type=\"widget\" data-widget_type=\"heading.default\">\n\t\t\t\t<div class=\"elementor-widget-container\">\n\t\t\t\t\t<h2 class=\"elementor-heading-title elementor-size-default\"><br>CREATIVIDAD E INNOVACI\u00d3N<\/h2>\t\t\t\t<\/div>\n\t\t\t\t<\/div>\n\t\t\t\t<div class=\"elementor-element elementor-element-41656b3 elementor-widget elementor-widget-text-editor\" data-id=\"41656b3\" data-element_type=\"widget\" data-e-type=\"widget\" data-widget_type=\"text-editor.default\">\n\t\t\t\t<div class=\"elementor-widget-container\">\n\t\t\t\t\t\t\t\t\t<h3>Dise\u00f1o centrado en las personas, el aprendizaje-servicio, learning by doing y de la comunicaci\u00f3n creativa\u00a0<\/h3><div>Formaci\u00f3n profesional con\u00a0\u00e9nfasis\u00a0en la creatividad, la innovaci\u00f3n, el emprendizaje mediante la experiencia y la colaboraci\u00f3n con agentes sociales .<\/div><ul><li>Proyectos experienciales.<\/li><li>Comunidad como referente, contexto\u00a0y objetivo de desarrollo.<\/li><li>Dise\u00f1o centrado en las personas: inclusivo, empoderando a personas, grupos sociales&#8230;mediante la reflexi\u00f3n, la comunicaci\u00f3n y mucha creatividad.<\/li><li>Aprender haciendo ~ Learning by doing.\u00a0Terreno, tiempo, usuario real, buscando la viabilidad econ\u00f3mica, social, tecnol\u00f3gica y cultural de los proyectos a solucionar.<\/li><li>Procesos Colaborativos con asociaciones, instituciones, empresas p\u00fablico-privadas. Co-working.<\/li><li>Percibir y activar las oportunidades. Detectar y solucionar problemas.<\/li><li>Creatividad aplicada. Desarrollar el Pensamiento lateral. T\u00e9cnicas para estimular la creatividad. Procesos divergentes-convergentes.<\/li><li>Trabajo en equipo (15 alumnos\/as). El profesor\/a pasa a ser el coach del equipo, orientando y coordinando el trabajo del grupo multidisciplinar.<\/li><li>Nuevas tecnolog\u00edas, tangibles, intangibles a favor de la idea.<\/li><li>Eco-Dise\u00f1o. Sostenibilidad Eco-Social a favor del procom\u00fan.<\/li><li>Sensibilizar y orientar a agentes sociales, formaci\u00f3n a agentes por medio de proyectos colaborativos en torno a creatividad, estrategias branding, marketing.<\/li><li>Formar en liderazgo compartido, potenciando la Curiosidad, Proactividad, actitud cr\u00edtica, Emprendizaje, Innovaci\u00f3n. Centrado en el alumnado, sus potenciales y pasiones.<\/li><li>Coevaluaci\u00f3n cont\u00ednua de los procesos. Puestas en com\u00fan.<\/li><li>Gobernanza.\u00a0L*s alumn*s deciden y\u00a0act\u00faan\u00a0en cada proyecto.<\/li><\/ul>\t\t\t\t\t\t\t\t<\/div>\n\t\t\t\t<\/div>\n\t\t\t\t<div class=\"elementor-element elementor-element-aab98a4 elementor-invisible elementor-widget elementor-widget-image\" data-id=\"aab98a4\" data-element_type=\"widget\" data-e-type=\"widget\" data-settings=\"{&quot;_animation&quot;:&quot;fadeIn&quot;}\" data-widget_type=\"image.default\">\n\t\t\t\t<div class=\"elementor-widget-container\">\n\t\t\t\t\t\t\t\t\t\t\t\t\t\t\t<img decoding=\"async\" width=\"960\" height=\"495\" src=\"https:\/\/www.usandizaga.com\/design\/wp-content\/uploads\/2019\/06\/foto-alejandro-escamilla-66211-unsplash-960x495.jpg\" class=\"attachment-large size-large wp-image-15010\" alt=\"Foto con c\u00e1mara, lente y rotuladores foto by Alejandro Escamilla\" srcset=\"https:\/\/www.usandizaga.com\/design\/wp-content\/uploads\/2019\/06\/foto-alejandro-escamilla-66211-unsplash-960x495.jpg 960w, https:\/\/www.usandizaga.com\/design\/wp-content\/uploads\/2019\/06\/foto-alejandro-escamilla-66211-unsplash-355x183.jpg 355w, https:\/\/www.usandizaga.com\/design\/wp-content\/uploads\/2019\/06\/foto-alejandro-escamilla-66211-unsplash-768x396.jpg 768w, https:\/\/www.usandizaga.com\/design\/wp-content\/uploads\/2019\/06\/foto-alejandro-escamilla-66211-unsplash.jpg 1024w\" sizes=\"(max-width: 960px) 100vw, 960px\" \/>\t\t\t\t\t\t\t\t\t\t\t\t\t\t\t<\/div>\n\t\t\t\t<\/div>\n\t\t\t\t<div class=\"elementor-element elementor-element-992255b elementor-widget elementor-widget-heading\" data-id=\"992255b\" data-element_type=\"widget\" data-e-type=\"widget\" data-widget_type=\"heading.default\">\n\t\t\t\t<div class=\"elementor-widget-container\">\n\t\t\t\t\t<h2 class=\"elementor-heading-title elementor-size-default\"><br>RED PROFESIONAL<\/h2>\t\t\t\t<\/div>\n\t\t\t\t<\/div>\n\t\t\t\t<div class=\"elementor-element elementor-element-377c593 elementor-widget elementor-widget-text-editor\" data-id=\"377c593\" data-element_type=\"widget\" data-e-type=\"widget\" data-widget_type=\"text-editor.default\">\n\t\t\t\t<div class=\"elementor-widget-container\">\n\t\t\t\t\t\t\t\t\t<h3>Colaboramos con empresas e instituciones de referencia<\/h3><p style=\"font-size: 18px;\">Contamos con una amplia <a href=\"http:\/\/www.usandizaga.com\/design\/red\/\">red\u00a0de colaboradores<\/a> formada\u00a0 por multitud de empresas, asociaciones, instituciones y profesionales del sector junto a l*s que hemos realizado proyectos de comunicaci\u00f3n, hemos visitado y recibido en nuestro centro para compartir experiencias y conocimiento, \u00a0establecido convenios de pr\u00e1cticas o \u00a0participado en cursos y eventos.\u00a0<\/p><p>Debido al gran crecimiento de las \u00e1reas de la informaci\u00f3n y comunicaci\u00f3n, el dise\u00f1o gr\u00e1fico se ha convertido en una profesi\u00f3n muy demandada. Las nuevas aplicaciones, redes sociales y el gran crecimiento de internet en general, ha generado la necesidad de formar a profesionales con la capacidad de dise\u00f1ar las interfaces que permitan a las personas comunicar e interactuar con esas tecnolog\u00edas.<\/p><p style=\"font-size: 18px;\">Al finalizar los estudios el alumnado se incorpora a empresas de comunicaci\u00f3n y estudios de dise\u00f1o en pr\u00e1cticas y a una bolsa de trabajo con alta inserci\u00f3n laboral.<\/p>\t\t\t\t\t\t\t\t<\/div>\n\t\t\t\t<\/div>\n\t\t\t\t<div class=\"elementor-element elementor-element-1085b5d elementor-invisible elementor-widget elementor-widget-image\" data-id=\"1085b5d\" data-element_type=\"widget\" data-e-type=\"widget\" data-settings=\"{&quot;_animation&quot;:&quot;fadeIn&quot;}\" data-widget_type=\"image.default\">\n\t\t\t\t<div class=\"elementor-widget-container\">\n\t\t\t\t\t\t\t\t\t\t\t\t\t\t\t<img loading=\"lazy\" decoding=\"async\" width=\"960\" height=\"545\" src=\"https:\/\/www.usandizaga.com\/design\/wp-content\/uploads\/2019\/06\/kontraluz-grupo-3-960x545.jpg\" class=\"attachment-large size-large wp-image-15019\" alt=\"formaci\u00f3n en dise\u00f1o gr\u00e1fico en Euskadi - Foto de equipo visita a Kontraluz Estudio\" srcset=\"https:\/\/www.usandizaga.com\/design\/wp-content\/uploads\/2019\/06\/kontraluz-grupo-3-960x545.jpg 960w, https:\/\/www.usandizaga.com\/design\/wp-content\/uploads\/2019\/06\/kontraluz-grupo-3-355x201.jpg 355w, https:\/\/www.usandizaga.com\/design\/wp-content\/uploads\/2019\/06\/kontraluz-grupo-3-768x436.jpg 768w, https:\/\/www.usandizaga.com\/design\/wp-content\/uploads\/2019\/06\/kontraluz-grupo-3.jpg 1024w\" sizes=\"(max-width: 960px) 100vw, 960px\" \/>\t\t\t\t\t\t\t\t\t\t\t\t\t\t\t<\/div>\n\t\t\t\t<\/div>\n\t\t\t\t<div class=\"elementor-element elementor-element-5aa01e9 elementor-widget elementor-widget-heading\" data-id=\"5aa01e9\" data-element_type=\"widget\" data-e-type=\"widget\" data-widget_type=\"heading.default\">\n\t\t\t\t<div class=\"elementor-widget-container\">\n\t\t\t\t\t<h2 class=\"elementor-heading-title elementor-size-default\"><br>ESTRUCTURA DEL CICLO<\/h2>\t\t\t\t<\/div>\n\t\t\t\t<\/div>\n\t\t\t\t<section class=\"elementor-section elementor-inner-section elementor-element elementor-element-e434248 elementor-section-boxed elementor-section-height-default elementor-section-height-default\" data-id=\"e434248\" data-element_type=\"section\" data-e-type=\"section\">\n\t\t\t\t\t\t<div class=\"elementor-container elementor-column-gap-default\">\n\t\t\t\t\t<div class=\"elementor-column elementor-col-100 elementor-inner-column elementor-element elementor-element-557788f\" data-id=\"557788f\" data-element_type=\"column\" data-e-type=\"column\">\n\t\t\t<div class=\"elementor-widget-wrap elementor-element-populated\">\n\t\t\t\t\t\t<div class=\"elementor-element elementor-element-a1a0e9f elementor-widget elementor-widget-text-editor\" data-id=\"a1a0e9f\" data-element_type=\"widget\" data-e-type=\"widget\" data-widget_type=\"text-editor.default\">\n\t\t\t\t<div class=\"elementor-widget-container\">\n\t\t\t\t\t\t\t\t\t<table><thead><tr><td><h3><b>ESTRUCTURA GENERAL<\/b><\/h3><\/td><td><h3><b>ECTS<\/b><\/h3><\/td><td><h3><b>Horas<\/b><\/h3><\/td><\/tr><\/thead><tbody><tr><td>M\u00f3dulos impartidos en el centro educativo<\/td><td>142<\/td><td>1800<\/td><\/tr><tr><td>Pr\u00e1cticas en empresas o estudios<\/td><td>8<\/td><td>200<\/td><\/tr><tr><td><b>Total<\/b><\/td><td>150<\/td><td>2000<\/td><\/tr><\/tbody><\/table><table><thead><tr><td><h3><b>M\u00d3DULOS\u00a0 CURSO 1\u00ba<\/b><\/h3><\/td><td><h3><b>ECTS<\/b><\/h3><\/td><td><h3><b>Horas<\/b><\/h3><\/td><\/tr><\/thead><tbody><tr><td>Fundamentos de la representaci\u00f3n y exp visual<\/td><td>8<\/td><td>128<\/td><\/tr><tr><td>Teor\u00eda de la imagen<\/td><td>5<\/td><td>64<\/td><\/tr><tr><td>Medios inform\u00e1ticos<\/td><td>12<\/td><td>192<\/td><\/tr><tr><td>Fotograf\u00eda<\/td><td>5<\/td><td>96<\/td><\/tr><tr><td>Historia de la imagen publicitaria\u00a0publicitaria<\/td><td>6<\/td><td>96<\/td><\/tr><tr><td>Tipograf\u00eda I<\/td><td>4<\/td><td>64<\/td><\/tr><tr><td>Fundamentos del dise\u00f1o gr\u00e1fico I<\/td><td>9<\/td><td>160<\/td><\/tr><tr><td>Proyectos de gr\u00e1fica publicitaria I<\/td><td>11<\/td><td>160<\/td><\/tr><tr><td><b>Total<\/b><\/td><td>60<\/td><td>960<\/td><\/tr><\/tbody><\/table><table><thead><tr><td><h3><b>M\u00d3DULOS\u00a0 CURSO 2\u00ba<\/b><\/h3><\/td><td><h3><b>ECTS<\/b><\/h3><\/td><td><h3><b>Horas<\/b><\/h3><\/td><\/tr><\/thead><tbody><tr><td>Tipograf\u00eda II<\/td><td>5<\/td><td>100<\/td><\/tr><tr><td>Fundamentos del Dise\u00f1o Gr\u00e1fico II<\/td><td>3<\/td><td>\u00a050<\/td><\/tr><tr><td>Teor\u00eda de la publicidad y marketing<\/td><td>5<\/td><td>\u00a0100<\/td><\/tr><tr><td>Lenguaje y tecnolog\u00eda audiovisual<\/td><td>10<\/td><td>200<\/td><\/tr><tr><td>Proyectos de gr\u00e1fica publicitaria II<\/td><td>13<\/td><td>\u00a0200<\/td><\/tr><tr><td>Proyecto integrado<\/td><td>10<\/td><td>90<\/td><\/tr><tr><td>Formaci\u00f3n y orientaci\u00f3n laboral<\/td><td>3<\/td><td>50<\/td><\/tr><tr><td>Empresa e iniciativa emprendedora<\/td><td>3<\/td><td>50<\/td><\/tr><tr><td>Pr\u00e1cticas en Empresa<\/td><td>8<\/td><td>200<\/td><\/tr><tr><td><b>Total<\/b><\/td><td>60<\/td><td>1040<\/td><\/tr><\/tbody><\/table>\t\t\t\t\t\t\t\t<\/div>\n\t\t\t\t<\/div>\n\t\t\t\t\t<\/div>\n\t\t<\/div>\n\t\t\t\t\t<\/div>\n\t\t<\/section>\n\t\t\t\t\t<\/div>\n\t\t<\/div>\n\t\t\t\t\t<\/div>\n\t\t<\/section>\n\t\t\t\t<\/div>\n\t\t","protected":false},"excerpt":{"rendered":"<p>Contenidos APRENDER DISE\u00d1O DESDE LA PR\u00c1CTICA Curso de Dise\u00f1o Gr\u00e1fico en Donostia &#8211; San Sebasti\u00e1n Ciclo Formativo Superior de Gr\u00e1fica Publicitaria\u00a0en el que te formar\u00e1s como persona\u00a0creativa\u00a0capacitada para dise\u00f1ar la &#8230; <a title=\"FORMACI\u00d3N\" class=\"read-more\" href=\"https:\/\/www.usandizaga.com\/design\/curso-de-diseno-grafico\/\" aria-label=\"Leer m\u00e1s sobre FORMACI\u00d3N\">+info<\/a><\/p>\n","protected":false},"author":1,"featured_media":0,"parent":0,"menu_order":5,"comment_status":"closed","ping_status":"open","template":"","meta":{"generate_page_header":"","footnotes":""},"class_list":["post-392","page","type-page","status-publish"],"lang":"es","translations":{"es":392,"eu":18733},"pll_sync_post":[],"_links":{"self":[{"href":"https:\/\/www.usandizaga.com\/design\/wp-json\/wp\/v2\/pages\/392","targetHints":{"allow":["GET"]}}],"collection":[{"href":"https:\/\/www.usandizaga.com\/design\/wp-json\/wp\/v2\/pages"}],"about":[{"href":"https:\/\/www.usandizaga.com\/design\/wp-json\/wp\/v2\/types\/page"}],"author":[{"embeddable":true,"href":"https:\/\/www.usandizaga.com\/design\/wp-json\/wp\/v2\/users\/1"}],"replies":[{"embeddable":true,"href":"https:\/\/www.usandizaga.com\/design\/wp-json\/wp\/v2\/comments?post=392"}],"version-history":[{"count":0,"href":"https:\/\/www.usandizaga.com\/design\/wp-json\/wp\/v2\/pages\/392\/revisions"}],"wp:attachment":[{"href":"https:\/\/www.usandizaga.com\/design\/wp-json\/wp\/v2\/media?parent=392"}],"curies":[{"name":"wp","href":"https:\/\/api.w.org\/{rel}","templated":true}]}}