{"id":9146,"date":"2018-06-05T12:02:12","date_gmt":"2018-06-05T10:02:12","guid":{"rendered":"http:\/\/www.usandizaga.com\/design\/?page_id=9146"},"modified":"2022-05-02T12:05:19","modified_gmt":"2022-05-02T10:05:19","slug":"aviso-legal","status":"publish","type":"page","link":"https:\/\/www.usandizaga.com\/design\/aviso-legal\/","title":{"rendered":"Aviso legal"},"content":{"rendered":"<p><strong>Informaci\u00f3n legal<\/strong><\/p>\n<p>En cumplimiento de la Ley 34\/2002, de 11 de julio, de Servicios de la Sociedad de la Informaci\u00f3n y de Comercio Electr\u00f3nico, le informamos que el dominio de internet\u00a0<a href=\"http:\/\/www.usandizaga.com\/\" target=\"_blank\" rel=\"noopener\">www.usandizaga.com<\/a>\u00a0es titularidad de IES Usandizaga Pe\u00f1aflorida Amara BHI (<span data-sheets-value=\"[null,2,&quot;S4833001C&quot;]\" data-sheets-userformat=\"[null,null,513,[null,0],null,null,null,null,null,null,null,null,0]\">S4833001C<\/span>), con domicilio en C\/ Jose Maria Salaberria, 8 \u2013 Donostia (Gipuzkoa), tel\u00e9fono\u00a0<a href=\"tel:943457000\" target=\"_blank\" rel=\"noopener\">943457000<\/a>, correo electr\u00f3nico\u00a0<a href=\"mailto:013025aa@hezkuntza.net\" target=\"_blank\" rel=\"noopener\">013025aa@hezkuntza.net<\/a>.<\/p>\n<p><strong>1. Condiciones Generales<\/strong><\/p>\n<p><a href=\"http:\/\/www.usandizaga.com\/\" target=\"_blank\" rel=\"noopener\">www.usandizaga.com<\/a>\u00a0(en adelante \u201cel sitio web\u201d) es un sitio web titularidad de IES Usandizaga Pe\u00f1aflorida Amara BHI. El usuario accede a este sitio web de forma voluntaria. El acceso a este sitio web tiene car\u00e1cter gratuito. La navegaci\u00f3n en este sitio web implica aceptar y conocer las advertencias legales, condiciones y t\u00e9rminos de uso y pol\u00edtica de privacidad contenidos en \u00e9l. Si el usuario no est\u00e1 de acuerdo con estas condiciones de uso y no presta su consentimiento, no podr\u00e1 hacer uso de este sitio web.<\/p>\n<p>El acceso a este sitio web, as\u00ed como el uso que pueda hacerse de la informaci\u00f3n que contiene, son de la exclusiva responsabilidad del usuario. El usuario se compromete a hacer uso del mismo de acuerdo a la finalidad del sitio web.<\/p>\n<p>El usuario no puede hacer un uso il\u00edcito de la informaci\u00f3n contenida en este sitio web, ni llevar a cabo acciones que puedan da\u00f1ar o alterar los sistemas inform\u00e1ticos de este sitio web.<\/p>\n<p>Queda prohibida la inclusi\u00f3n y comunicaci\u00f3n de contenidos, por parte de los usuarios, que sean falsos o inexactos y que induzcan o puedan inducir a error a IES Usandizaga Pe\u00f1aflorida Amara BHI o a otros usuarios o terceros. El usuario ser\u00e1 el \u00fanico responsable de los perjuicios que cause mediante la comunicaci\u00f3n de dichos datos.<\/p>\n<p>Queda prohibido el uso de datos personales de terceros sin su consentimiento, as\u00ed como el uso de datos identificativos de terceros con el \u00e1nimo de hacerse pasar por o fingir ser cualquier otra persona o entidad.<\/p>\n<p>IES Usandizaga Pe\u00f1aflorida Amara BHI realiza los m\u00e1ximos esfuerzos para evitar errores en los contenidos que se publican en el sitio web, reserv\u00e1ndose la facultad de poder modificarlos en cualquier momento. IES Usandizaga Pe\u00f1aflorida Amara BHI declina expresamente cualquier responsabilidad por error u omisi\u00f3n en los contenidos de este sitio web y de los da\u00f1os y perjuicios que puedan deberse a la falta de veracidad, exactitud y actualidad de los mismos.<\/p>\n<p><a href=\"http:\/\/www.usandizaga.com\/\" target=\"_blank\" rel=\"noopener\">www.usandizaga.com<\/a>\u00a0puede contener la opini\u00f3n y puntos de vista de otros usuarios. Teniendo en cuenta la naturaleza interactiva del sitio, IES Usandizaga Pe\u00f1aflorida Amara BHI no se hace responsable del incumplimiento de las normas por parte de los usuarios, de modo que no puede garantizar la certeza, eficacia o veracidad de cualquier contenido generado por los usuarios.<\/p>\n<p>El sitio web puede ofrecer enlaces a otros sitios web o facilitar su acceso mediante un buscador ubicado en su sitio web. IES Usandizaga Pe\u00f1aflorida Amara BHI no asume ninguna responsabilidad en relaci\u00f3n con estos sitios enlazados, ni los resultados de las b\u00fasquedas, ya que no tiene ning\u00fan tipo de control sobre ellos, su contenido, productos y servicios ofrecidos, etc. La finalidad de estos servicios es informar al usuario de otras fuentes de informaci\u00f3n, por lo que el usuario accede bajo su exclusiva responsabilidad al contenido y en las condiciones de uso que rijan en los mismos.<\/p>\n<p>IES Usandizaga Pe\u00f1aflorida Amara BHI no se responsabilizar\u00e1 de ninguna consecuencia, da\u00f1o o perjuicio que pudieran derivarse del uso de este sitio web o de sus contenidos, incluidos da\u00f1os inform\u00e1ticos y la introducci\u00f3n de virus o cualquier tipo de malware. IES Usandizaga Pe\u00f1aflorida Amara BHI no garantiza la ausencia de virus ni de otros elementos en el sitio web, introducidos por terceros ajenos, que puedan producir alteraciones en los sistemas f\u00edsicos o l\u00f3gicos de los usuarios, pero utiliza todos los medios a su alcance para que esto no suceda.<\/p>\n<p>IES Usandizaga Pe\u00f1aflorida Amara BHI se reserva el derecho de modificar o borrar en cualquier momento, sin previo aviso y\/o justificaci\u00f3n, el dise\u00f1o, la configuraci\u00f3n y la informaci\u00f3n contenida en este sitio web, si as\u00ed lo estima oportuno. IES Usandizaga Pe\u00f1aflorida Amara BHI no se hace responsable de los perjuicios que estas modificaciones puedan causar. No obstante utilizar\u00e1 los recursos que tenga a su alcance para informar a los usuarios de dichas modificaciones.<\/p>\n<p>Puesto que en las entradas se admiten comentarios, IES Usandizaga Pe\u00f1aflorida Amara BHI no se responsabiliza de las opiniones vertidas por los mismos, y se reserva los derechos de borrar los comentarios ofensivos o denigrantes y bloquear e impedir los futuros comentarios provenientes de los autores de dichos comentarios.<\/p>\n<p><strong>2. Interviu<\/strong><\/p>\n<p>El sitio web contiene un apartado denominado \u201cintervi\u00fa\u201d donde los responsables del Ciclo Formativo en Gr\u00e1fica Publicitaria realizan entrevistas a creativos y pueden publicar y comentar informaci\u00f3n de car\u00e1cter general o relacionada con el sector, que pueda resultar de inter\u00e9s para los usuarios. El contenido de estos intervi\u00fa es meramente informativo, IES Usandizaga no se responsabiliza de sus opiniones ni del contenido que comparten en las entrevistas.<\/p>\n<p>Asimismo, puesto que en los blogs se admiten comentarios, IES Usandizaga Pe\u00f1aflorida Amara BHI no se responsabiliza de las opiniones vertidas por los mismos, y se reserva los derechos de borrar los comentarios ofensivos o denigrantes y bloquear e impedir los futuros comentarios provenientes de los autores de dichos comentarios.<\/p>\n<p><strong>3. Propiedad intelectual e industrial<\/strong><\/p>\n<p>En t\u00e9rminos generales, la licencia que cubre las obras compartidas en este sitio web, est\u00e1n recogidas bajo la licencia <a href=\"http:\/\/creativecommons.org\/licenses\/by-sa\/4.0\/\" rel=\"license noopener\" target=\"_blank\"><img decoding=\"async\" style=\"border-width: 0;\" src=\"https:\/\/i.creativecommons.org\/l\/by-sa\/4.0\/80x15.png\" alt=\"Licencia de Creative Commons\" \/><\/a><br \/>\n<a href=\"http:\/\/creativecommons.org\/licenses\/by-sa\/4.0\/\" rel=\"license noopener\" target=\"_blank\">licencia de Creative Commons Reconocimiento-CompartirIgual 4.0 Internacional<\/a>.<\/p>\n<p>Los derechos de propiedad de este sitio web, de sus p\u00e1ginas, pantallas, la informaci\u00f3n que contienen, su apariencia y dise\u00f1o, fotograf\u00edas, im\u00e1genes, sus productos y servicios, marcas, logos, lemas, etc. son propiedad de IES Usandizaga Pe\u00f1aflorida Amara BHI, salvo que se especifique otra cosa. Los derechos intelectuales de las obras, pertenecen a cada estudiante o grupo de estudiantes que los ha realizado.<br \/>\nEn el caso de las entrevistas, el material ha sido cedido y pertenece a la persona, agencia o instituci\u00f3n entrevistada, salvo que se indique lo contrario. En cada caso la licencia sobre estas obras es la que utilizan las personas y empresas entrevistadas.<\/p>\n<p>En el caso de los art\u00edculos (entradas, post, p\u00e1ginas, etc.) de la web, el material (textos, im\u00e1genes, v\u00eddeos, audios) pertenecen al creador\/a de los mismos. Que est\u00e9n publicados en <a href=\"http:\/\/www.usandizaga.com\/\" target=\"_blank\" rel=\"noopener\">www.usandizaga.com<\/a> no implica la renuncia a derechos sobre ese material, pudiendo ser modificado, retirado o borrado por el autor\/a de los mismos en el momento que considere oportuno.<\/p>\n<p>En ning\u00fan caso el acceso o navegaci\u00f3n en el sitio web implica renuncia, transmisi\u00f3n o licencia total o parcial de IES Usandizaga Pe\u00f1aflorida Amara BHI para uso personal al usuario sobre sus derechos de propiedad intelectual e industrial. La reproducci\u00f3n, distribuci\u00f3n, comercializaci\u00f3n o transformaci\u00f3n de estas obras sin tener en cuanta la licencia Creative Commons citada, constituye una infracci\u00f3n de los derechos de propiedad intelectual de IES Usandizaga Pe\u00f1aflorida Amara BHI.<\/p>\n<p>El usuario se compromete a no realizar ninguna acci\u00f3n que perjudique la titularidad de este sitio web. La utilizaci\u00f3n no autorizada de la informaci\u00f3n contenida en este sitio web, as\u00ed como los perjuicios ocasionados en los derechos de propiedad intelectual e industrial de sus titulares, pueden dar lugar al ejercicio de las acciones que legalmente correspondan y, si procede, a las responsabilidades que de dicho ejercicio se deriven.<\/p>\n<p><strong>4. Modificaciones<\/strong><\/p>\n<p>Estas Condiciones podr\u00e1n sufrir modificaciones cuando IES Usandizaga Pe\u00f1aflorida Amara BHI lo considere oportuno, bien con la finalidad de adecuarse a los cambios legislativos, bien con el fin de llevar a cabo otro tipo de mejoras. Estas modificaciones ser\u00e1n v\u00e1lidas desde su publicaci\u00f3n en este sitio web. IES Usandizaga Pe\u00f1aflorida Amara BHI utilizar\u00e1 los medios a su alcance para dar a conocer a los usuarios del sitio web los cambios realizados.<\/p>\n<p><strong>5. Jurisdicci\u00f3n<\/strong><\/p>\n<p>Las relaciones establecidas entre IES Usandizaga Pe\u00f1aflorida Amara BHI y el usuario se regir\u00e1n por lo dispuesto en la normativa vigente acerca de la legislaci\u00f3n aplicable y la jurisdicci\u00f3n competente. No obstante, para los casos en los que la normativa prevea la posibilidad a las partes de someterse a un fuero, IES Usandizaga Pe\u00f1aflorida Amara BHI y el usuario, con renuncia expresa a cualquier otro fuero que pudiera corresponderles, se someten a los Juzgados y Tribunales de Donostia \u2013 San Sebasti\u00e1n.<\/p>\n<p>IES Usandizaga Pe\u00f1aflorida Amara BHI perseguir\u00e1 el incumplimiento de las anteriores condiciones as\u00ed como cualquier utilizaci\u00f3n indebida de los contenidos presentados en su sitio web ejerciendo todas las acciones civiles y penales que le puedan corresponder en derecho.<\/p>\n","protected":false},"excerpt":{"rendered":"<p>Informaci\u00f3n legal En cumplimiento de la Ley 34\/2002, de 11 de julio, de Servicios de la Sociedad de la Informaci\u00f3n y de Comercio Electr\u00f3nico, le informamos que el dominio de &#8230; <a title=\"Aviso legal\" class=\"read-more\" href=\"https:\/\/www.usandizaga.com\/design\/aviso-legal\/\" aria-label=\"Leer m\u00e1s sobre Aviso legal\">+info<\/a><\/p>\n","protected":false},"author":1,"featured_media":0,"parent":0,"menu_order":0,"comment_status":"closed","ping_status":"closed","template":"","meta":{"generate_page_header":"","footnotes":""},"class_list":["post-9146","page","type-page","status-publish"],"lang":"es","translations":{"es":9146,"eu":18948},"pll_sync_post":[],"_links":{"self":[{"href":"https:\/\/www.usandizaga.com\/design\/wp-json\/wp\/v2\/pages\/9146","targetHints":{"allow":["GET"]}}],"collection":[{"href":"https:\/\/www.usandizaga.com\/design\/wp-json\/wp\/v2\/pages"}],"about":[{"href":"https:\/\/www.usandizaga.com\/design\/wp-json\/wp\/v2\/types\/page"}],"author":[{"embeddable":true,"href":"https:\/\/www.usandizaga.com\/design\/wp-json\/wp\/v2\/users\/1"}],"replies":[{"embeddable":true,"href":"https:\/\/www.usandizaga.com\/design\/wp-json\/wp\/v2\/comments?post=9146"}],"version-history":[{"count":0,"href":"https:\/\/www.usandizaga.com\/design\/wp-json\/wp\/v2\/pages\/9146\/revisions"}],"wp:attachment":[{"href":"https:\/\/www.usandizaga.com\/design\/wp-json\/wp\/v2\/media?parent=9146"}],"curies":[{"name":"wp","href":"https:\/\/api.w.org\/{rel}","templated":true}]}}